{"id":4603,"date":"2021-02-21T08:51:53","date_gmt":"2021-02-21T08:51:53","guid":{"rendered":"http:\/\/lacasa.min.vn\/?page_id=4603"},"modified":"2022-08-29T16:47:10","modified_gmt":"2022-08-29T09:47:10","slug":"dich-vu","status":"publish","type":"page","link":"https:\/\/lacasadelhabano.vn\/en\/services\/","title":{"rendered":"Services"},"content":{"rendered":"<div data-elementor-type=\"wp-page\" data-elementor-id=\"4603\" class=\"elementor elementor-4603\">\n\t\t\t\t\t\t<section class=\"elementor-section elementor-top-section elementor-element elementor-element-efe5bee elementor-section-boxed elementor-section-height-default elementor-section-height-default\" data-id=\"efe5bee\" data-element_type=\"section\" data-e-type=\"section\">\n\t\t\t\t\t\t<div class=\"elementor-container elementor-column-gap-default\">\n\t\t\t\t\t<div class=\"elementor-column elementor-col-100 elementor-top-column elementor-element elementor-element-013e350\" data-id=\"013e350\" data-element_type=\"column\" data-e-type=\"column\">\n\t\t\t<div class=\"elementor-widget-wrap elementor-element-populated\">\n\t\t\t\t\t\t<div class=\"elementor-element elementor-element-b3bedff elementor-widget elementor-widget-text-editor\" data-id=\"b3bedff\" data-element_type=\"widget\" data-e-type=\"widget\" data-widget_type=\"text-editor.default\">\n\t\t\t\t<div class=\"elementor-widget-container\">\n\t\t\t\t\t\t\t\t\t<p>For the very first time in Vietnam, La Casa del Habano owns a famouse and limited collection of Cuban Cigars, as well as provides an ideal environment for authenticity of the products, and displays at a wonderful Walk-in World Class Cigar Humidor. These legendary masterpieces have a timeless spiritual value for the aficionados.<\/p>\t\t\t\t\t\t\t\t<\/div>\n\t\t\t\t<\/div>\n\t\t\t\t<div class=\"elementor-element elementor-element-e4db24b elementor-widget elementor-widget-text-editor\" data-id=\"e4db24b\" data-element_type=\"widget\" data-e-type=\"widget\" data-widget_type=\"text-editor.default\">\n\t\t\t\t<div class=\"elementor-widget-container\">\n\t\t\t\t\t\t\t\t\t<p>Glamourous accessories are also provided for a complete experience. Enjoying Cigar at La Casa del Habano is absolutely the most sumptuous feast for all the senses.<\/p>\t\t\t\t\t\t\t\t<\/div>\n\t\t\t\t<\/div>\n\t\t\t\t\t<\/div>\n\t\t<\/div>\n\t\t\t\t\t<\/div>\n\t\t<\/section>\n\t\t\t\t<section class=\"elementor-section elementor-top-section elementor-element elementor-element-1d5e0b48 elementor-section-full_width elementor-section-height-default elementor-section-height-default\" data-id=\"1d5e0b48\" data-element_type=\"section\" data-e-type=\"section\">\n\t\t\t\t\t\t<div class=\"elementor-container elementor-column-gap-default\">\n\t\t\t\t\t<div class=\"elementor-column elementor-col-33 elementor-top-column elementor-element elementor-element-1cd02b00\" data-id=\"1cd02b00\" data-element_type=\"column\" data-e-type=\"column\">\n\t\t\t<div class=\"elementor-widget-wrap elementor-element-populated\">\n\t\t\t\t\t\t<div class=\"elementor-element elementor-element-553782c elementor-widget elementor-widget-heading\" data-id=\"553782c\" data-element_type=\"widget\" data-e-type=\"widget\" data-widget_type=\"heading.default\">\n\t\t\t\t<div class=\"elementor-widget-container\">\n\t\t\t\t\t<h1 class=\"elementor-heading-title elementor-size-large\">KNOWLEDGEABLE<br>SALES STAFF<\/h1>\t\t\t\t<\/div>\n\t\t\t\t<\/div>\n\t\t\t\t<div class=\"elementor-element elementor-element-412f344f elementor-widget elementor-widget-text-editor\" data-id=\"412f344f\" data-element_type=\"widget\" data-e-type=\"widget\" data-widget_type=\"text-editor.default\">\n\t\t\t\t<div class=\"elementor-widget-container\">\n\t\t\t\t\t\t\t\t\t<p>Our sales staff have been trained to the highest standards and are well versed in all things related to Habano cigars. They are ready to assist customers to answer any and all questions and satisfy every need.<\/p>\t\t\t\t\t\t\t\t<\/div>\n\t\t\t\t<\/div>\n\t\t\t\t\t<\/div>\n\t\t<\/div>\n\t\t\t\t<div class=\"elementor-column elementor-col-33 elementor-top-column elementor-element elementor-element-2488a02\" data-id=\"2488a02\" data-element_type=\"column\" data-e-type=\"column\" data-settings=\"{&quot;background_background&quot;:&quot;classic&quot;}\">\n\t\t\t<div class=\"elementor-widget-wrap elementor-element-populated\">\n\t\t\t\t\t<div class=\"elementor-background-overlay\"><\/div>\n\t\t\t\t\t\t<div class=\"elementor-element elementor-element-2d4b061 elementor-align-center elementor-widget elementor-widget-button\" data-id=\"2d4b061\" data-element_type=\"widget\" data-e-type=\"widget\" data-widget_type=\"button.default\">\n\t\t\t\t<div class=\"elementor-widget-container\">\n\t\t\t\t\t\t\t\t\t<div class=\"elementor-button-wrapper\">\n\t\t\t\t\t<a class=\"elementor-button elementor-button-link elementor-size-md\" href=\"https:\/\/lacasadelhabano.vn\/en\/lacasa-del-habano\/\">\n\t\t\t\t\t\t<span class=\"elementor-button-content-wrapper\">\n\t\t\t\t\t\t\t\t\t<span class=\"elementor-button-text\">EXPLORE MORE<\/span>\n\t\t\t\t\t<\/span>\n\t\t\t\t\t<\/a>\n\t\t\t\t<\/div>\n\t\t\t\t\t\t\t\t<\/div>\n\t\t\t\t<\/div>\n\t\t\t\t\t<\/div>\n\t\t<\/div>\n\t\t\t\t<div class=\"elementor-column elementor-col-33 elementor-top-column elementor-element elementor-element-392faecb\" data-id=\"392faecb\" data-element_type=\"column\" data-e-type=\"column\">\n\t\t\t<div class=\"elementor-widget-wrap elementor-element-populated\">\n\t\t\t\t\t\t<div class=\"elementor-element elementor-element-3c96403 elementor-widget elementor-widget-heading\" data-id=\"3c96403\" data-element_type=\"widget\" data-e-type=\"widget\" data-widget_type=\"heading.default\">\n\t\t\t\t<div class=\"elementor-widget-container\">\n\t\t\t\t\t<h2 class=\"elementor-heading-title elementor-size-large\">ACCESSORIES<\/BR>HO\u00c0N H\u1ea2O<\/h2>\t\t\t\t<\/div>\n\t\t\t\t<\/div>\n\t\t\t\t<div class=\"elementor-element elementor-element-99b4e52 elementor-widget elementor-widget-text-editor\" data-id=\"99b4e52\" data-element_type=\"widget\" data-e-type=\"widget\" data-widget_type=\"text-editor.default\">\n\t\t\t\t<div class=\"elementor-widget-container\">\n\t\t\t\t\t\t\t\t\t<p>In order to complete the La Casa del Habano journey, we offer a range of companion accessories which cigar lovers might enjoy and need. From cutters, cases and ashtrays to larger items required for your collection, if we don\u2019t have it now, we can try to order it for you.<\/p>\t\t\t\t\t\t\t\t<\/div>\n\t\t\t\t<\/div>\n\t\t\t\t\t<\/div>\n\t\t<\/div>\n\t\t\t\t\t<\/div>\n\t\t<\/section>\n\t\t\t\t<section class=\"elementor-section elementor-top-section elementor-element elementor-element-c42c570 elementor-section-full_width elementor-section-stretched elementor-section-height-default elementor-section-height-default\" data-id=\"c42c570\" data-element_type=\"section\" data-e-type=\"section\" data-settings=\"{&quot;stretch_section&quot;:&quot;section-stretched&quot;,&quot;background_background&quot;:&quot;classic&quot;}\">\n\t\t\t\t\t\t\t<div class=\"elementor-background-overlay\"><\/div>\n\t\t\t\t\t\t\t<div class=\"elementor-container elementor-column-gap-default\">\n\t\t\t\t\t<div class=\"elementor-column elementor-col-50 elementor-top-column elementor-element elementor-element-da5d026 elementor-hidden-mobile elementor-hidden-tablet\" data-id=\"da5d026\" data-element_type=\"column\" data-e-type=\"column\" data-settings=\"{&quot;background_background&quot;:&quot;classic&quot;}\">\n\t\t\t<div class=\"elementor-widget-wrap\">\n\t\t\t\t\t\t\t<\/div>\n\t\t<\/div>\n\t\t\t\t<div class=\"elementor-column elementor-col-50 elementor-top-column elementor-element elementor-element-540c669\" data-id=\"540c669\" data-element_type=\"column\" data-e-type=\"column\" data-settings=\"{&quot;background_background&quot;:&quot;classic&quot;}\">\n\t\t\t<div class=\"elementor-widget-wrap elementor-element-populated\">\n\t\t\t\t\t<div class=\"elementor-background-overlay\"><\/div>\n\t\t\t\t\t\t<div class=\"elementor-element elementor-element-6c6cfc8 elementor-widget elementor-widget-heading\" data-id=\"6c6cfc8\" data-element_type=\"widget\" data-e-type=\"widget\" data-widget_type=\"heading.default\">\n\t\t\t\t<div class=\"elementor-widget-container\">\n\t\t\t\t\t<h2 class=\"elementor-heading-title elementor-size-default\">la casa lounge<\/h2>\t\t\t\t<\/div>\n\t\t\t\t<\/div>\n\t\t\t\t<div class=\"elementor-element elementor-element-90eb008 elementor-widget elementor-widget-text-editor\" data-id=\"90eb008\" data-element_type=\"widget\" data-e-type=\"widget\" data-widget_type=\"text-editor.default\">\n\t\t\t\t<div class=\"elementor-widget-container\">\n\t\t\t\t\t\t\t\t\t<p>Being the climax of your journey, and a place to witness the recreation of vivid image of Cuba with a classical architectural space, visitors will surely be able to admire Saigon landscape while enjoying Cigar and matchless cuisine and limited whisky at one of the rarest Bar in the world.<\/p>\t\t\t\t\t\t\t\t<\/div>\n\t\t\t\t<\/div>\n\t\t\t\t<div class=\"elementor-element elementor-element-e3b4ced elementor-widget elementor-widget-text-editor\" data-id=\"e3b4ced\" data-element_type=\"widget\" data-e-type=\"widget\" data-widget_type=\"text-editor.default\">\n\t\t\t\t<div class=\"elementor-widget-container\">\n\t\t\t\t\t\t\t\t\t<p>Cigar lovers not only have the opportunity to admire and enjoy the cigar masterpiece, but also are offered our high-end service, VIPs lockers - the top and sole luxurious experience in Vietnam. Complying with strict requirements from famous Cigar brands and absolute confidentiality, this service is an exclusive privilege for beloved customers at La Casa del Habano Vietnam.<\/p>\t\t\t\t\t\t\t\t<\/div>\n\t\t\t\t<\/div>\n\t\t\t\t<div class=\"elementor-element elementor-element-c352635 elementor-align-center elementor-widget elementor-widget-button\" data-id=\"c352635\" data-element_type=\"widget\" data-e-type=\"widget\" data-widget_type=\"button.default\">\n\t\t\t\t<div class=\"elementor-widget-container\">\n\t\t\t\t\t\t\t\t\t<div class=\"elementor-button-wrapper\">\n\t\t\t\t\t<a class=\"elementor-button elementor-button-link elementor-size-md\" href=\"https:\/\/lacasadelhabano.vn\/en\/reservation\/\">\n\t\t\t\t\t\t<span class=\"elementor-button-content-wrapper\">\n\t\t\t\t\t\t\t\t\t<span class=\"elementor-button-text\">\u0111\u1eb7t ch\u1ed7 &amp; tr\u1ea3i nghi\u1ec7m<\/span>\n\t\t\t\t\t<\/span>\n\t\t\t\t\t<\/a>\n\t\t\t\t<\/div>\n\t\t\t\t\t\t\t\t<\/div>\n\t\t\t\t<\/div>\n\t\t\t\t\t<\/div>\n\t\t<\/div>\n\t\t\t\t\t<\/div>\n\t\t<\/section>\n\t\t\t\t<section class=\"elementor-section elementor-top-section elementor-element elementor-element-45e2703 elementor-section-stretched elementor-section-boxed elementor-section-height-default elementor-section-height-default\" data-id=\"45e2703\" data-element_type=\"section\" data-e-type=\"section\" data-settings=\"{&quot;stretch_section&quot;:&quot;section-stretched&quot;}\">\n\t\t\t\t\t\t<div class=\"elementor-container elementor-column-gap-default\">\n\t\t\t\t\t<div class=\"elementor-column elementor-col-50 elementor-top-column elementor-element elementor-element-6cb40ca\" data-id=\"6cb40ca\" data-element_type=\"column\" data-e-type=\"column\">\n\t\t\t<div class=\"elementor-widget-wrap elementor-element-populated\">\n\t\t\t\t\t\t<div class=\"elementor-element elementor-element-dd2a65c elementor-widget elementor-widget-heading\" data-id=\"dd2a65c\" data-element_type=\"widget\" data-e-type=\"widget\" data-widget_type=\"heading.default\">\n\t\t\t\t<div class=\"elementor-widget-container\">\n\t\t\t\t\t<h2 class=\"elementor-heading-title elementor-size-default\">la casa executive<\/h2>\t\t\t\t<\/div>\n\t\t\t\t<\/div>\n\t\t\t\t<div class=\"elementor-element elementor-element-bef09aa elementor-widget elementor-widget-text-editor\" data-id=\"bef09aa\" data-element_type=\"widget\" data-e-type=\"widget\" data-widget_type=\"text-editor.default\">\n\t\t\t\t<div class=\"elementor-widget-container\">\n\t\t\t\t\t\t\t\t\t<p>La Casa Executive Floor is an indeed perfect piece in a luxury picture. Unique architectural style, the most luxurious design is paired with 4 VIPs rooms named by 4 brands of famous cigar and whisky in the world. This pleasurable area is offered to the customer as a meeting point for casual conversation amongst friends or as an area for business negotiations. Besides, our staffs are all well trained with appropriate skills and strong knowledge so as to serve the VIP customers.<\/p>\t\t\t\t\t\t\t\t<\/div>\n\t\t\t\t<\/div>\n\t\t\t\t\t<\/div>\n\t\t<\/div>\n\t\t\t\t<div class=\"elementor-column elementor-col-50 elementor-top-column elementor-element elementor-element-e4bd099 elementor-hidden-tablet elementor-hidden-mobile\" data-id=\"e4bd099\" data-element_type=\"column\" data-e-type=\"column\">\n\t\t\t<div class=\"elementor-widget-wrap elementor-element-populated\">\n\t\t\t\t\t\t<div class=\"elementor-element elementor-element-f56b340 elementor-widget elementor-widget-image\" data-id=\"f56b340\" data-element_type=\"widget\" data-e-type=\"widget\" data-widget_type=\"image.default\">\n\t\t\t\t<div class=\"elementor-widget-container\">\n\t\t\t\t\t\t\t\t\t\t\t\t\t\t\t<img fetchpriority=\"high\" decoding=\"async\" width=\"1920\" height=\"1277\" src=\"https:\/\/lacasadelhabano.vn\/wp-content\/uploads\/receptionist_vip_room__1.jpg\" class=\"attachment-large size-large wp-image-6609\" alt=\"\" srcset=\"https:\/\/lacasadelhabano.vn\/wp-content\/uploads\/receptionist_vip_room__1.jpg 1920w, https:\/\/lacasadelhabano.vn\/wp-content\/uploads\/receptionist_vip_room__1-360x239.jpg 360w, https:\/\/lacasadelhabano.vn\/wp-content\/uploads\/receptionist_vip_room__1-768x511.jpg 768w, https:\/\/lacasadelhabano.vn\/wp-content\/uploads\/receptionist_vip_room__1-1536x1022.jpg 1536w, https:\/\/lacasadelhabano.vn\/wp-content\/uploads\/receptionist_vip_room__1-18x12.jpg 18w\" sizes=\"(max-width: 1920px) 100vw, 1920px\" \/>\t\t\t\t\t\t\t\t\t\t\t\t\t\t\t<\/div>\n\t\t\t\t<\/div>\n\t\t\t\t\t<\/div>\n\t\t<\/div>\n\t\t\t\t\t<\/div>\n\t\t<\/section>\n\t\t\t\t<section class=\"elementor-section elementor-top-section elementor-element elementor-element-2aa11c2b elementor-section-boxed elementor-section-height-default elementor-section-height-default\" data-id=\"2aa11c2b\" data-element_type=\"section\" data-e-type=\"section\">\n\t\t\t\t\t\t<div class=\"elementor-container elementor-column-gap-default\">\n\t\t\t\t\t<div class=\"elementor-column elementor-col-25 elementor-top-column elementor-element elementor-element-456c793f\" data-id=\"456c793f\" data-element_type=\"column\" data-e-type=\"column\">\n\t\t\t<div class=\"elementor-widget-wrap\">\n\t\t\t\t\t\t\t<\/div>\n\t\t<\/div>\n\t\t\t\t<div class=\"elementor-column elementor-col-25 elementor-top-column elementor-element elementor-element-55b60210\" data-id=\"55b60210\" data-element_type=\"column\" data-e-type=\"column\">\n\t\t\t<div class=\"elementor-widget-wrap\">\n\t\t\t\t\t\t\t<\/div>\n\t\t<\/div>\n\t\t\t\t<div class=\"elementor-column elementor-col-25 elementor-top-column elementor-element elementor-element-5bc82729\" data-id=\"5bc82729\" data-element_type=\"column\" data-e-type=\"column\">\n\t\t\t<div class=\"elementor-widget-wrap\">\n\t\t\t\t\t\t\t<\/div>\n\t\t<\/div>\n\t\t\t\t<div class=\"elementor-column elementor-col-25 elementor-top-column elementor-element elementor-element-3c0d858b\" data-id=\"3c0d858b\" data-element_type=\"column\" data-e-type=\"column\">\n\t\t\t<div class=\"elementor-widget-wrap\">\n\t\t\t\t\t\t\t<\/div>\n\t\t<\/div>\n\t\t\t\t\t<\/div>\n\t\t<\/section>\n\t\t\t\t<section class=\"elementor-section elementor-top-section elementor-element elementor-element-3f57ee3 elementor-section-boxed elementor-section-height-default elementor-section-height-default\" data-id=\"3f57ee3\" data-element_type=\"section\" data-e-type=\"section\">\n\t\t\t\t\t\t<div class=\"elementor-container elementor-column-gap-default\">\n\t\t\t\t\t<div class=\"elementor-column elementor-col-50 elementor-top-column elementor-element elementor-element-7b8c889\" data-id=\"7b8c889\" data-element_type=\"column\" data-e-type=\"column\" data-settings=\"{&quot;background_background&quot;:&quot;classic&quot;}\">\n\t\t\t<div class=\"elementor-widget-wrap\">\n\t\t\t\t\t\t\t<\/div>\n\t\t<\/div>\n\t\t\t\t<div class=\"elementor-column elementor-col-50 elementor-top-column elementor-element elementor-element-2a2fefb\" data-id=\"2a2fefb\" data-element_type=\"column\" data-e-type=\"column\">\n\t\t\t<div class=\"elementor-widget-wrap elementor-element-populated\">\n\t\t\t\t\t\t<div class=\"elementor-element elementor-element-730bad3 elementor-widget elementor-widget-heading\" data-id=\"730bad3\" data-element_type=\"widget\" data-e-type=\"widget\" data-widget_type=\"heading.default\">\n\t\t\t\t<div class=\"elementor-widget-container\">\n\t\t\t\t\t<h2 class=\"elementor-heading-title elementor-size-default\">terraza cubana<\/h2>\t\t\t\t<\/div>\n\t\t\t\t<\/div>\n\t\t\t\t<div class=\"elementor-element elementor-element-dd57272 elementor-widget elementor-widget-text-editor\" data-id=\"dd57272\" data-element_type=\"widget\" data-e-type=\"widget\" data-widget_type=\"text-editor.default\">\n\t\t\t\t<div class=\"elementor-widget-container\">\n\t\t\t\t\t\t\t\t\t<p>Terraza Cubana l\u00e0 thi\u00ean \u0111\u01b0\u1eddng th\u01b0\u1edfng th\u1ee9c ngh\u1ec7 thu\u1eadt Cigar d\u00e0nh cho m\u1ecdi t\u00edn \u0111\u1ed3 \u0111am m\u00ea Cigar Cuba. Trong b\u1ea7u kh\u00f4ng kh\u00ed tao nh\u00e3, Qu\u00fd th\u01b0\u1ee3ng kh\u00e1ch c\u00f3 th\u1ec3 th\u01b0 gi\u00e3n ho\u00e0n to\u00e0n \u0111\u1ec3 th\u01b0\u1edfng th\u1ee9c Cigar c\u00f9ng Whisky qu\u00fd hi\u1ebfm ho\u1eb7c th\u1ee9c u\u1ed1ng \u0111\u1ed9c quy\u1ec1n \u0111\u01b0\u1ee3c c\u00e1c &#8220;Bartender&#8221; h\u00e0ng \u0111\u1ea7u pha ch\u1ebf, t\u1eadn h\u01b0\u1edfng nh\u1eefng m\u00f3n \u0103n th\u01b0\u1ee3ng h\u1ea1ng, th\u0103ng hoa trong \u00e2m nh\u1ea1c tuy\u1ec7t v\u1eddi c\u00f9ng d\u1ecbch v\u1ee5 cao c\u1ea5p h\u00e0ng \u0111\u1ea7u. B\u00ean c\u1ea1nh \u0111\u00f3, m\u00e0n tr\u00ecnh di\u1ec5n qu\u1ea5n Cigar th\u1ee7 c\u00f4ng t\u1ec9 m\u1ec9, \u0111i\u1ec7u ngh\u1ec7 c\u1ee7a c\u00e1c Torcedors &#8211; ngh\u1ec7 nh\u00e2n qu\u1ea5n Cigar c\u1ee7a Habanos S.A l\u00e0 \u0111i\u1ec3m nh\u1ea5n c\u00f3 m\u1ed9t kh\u00f4ng hai m\u00e0 c\u00e1c t\u00edn \u0111\u1ed3 Cigar lu\u00f4n khao kh\u00e1t \u0111\u01b0\u1ee3c th\u01b0\u1edfng th\u1ee9c. \u0110i\u1ec3m nh\u1ea5n tuy\u1ec7t v\u1eddi ti\u1ebfp theo n\u1eb1m ngay \u1edf s\u1ef1 giao thoa gi\u1eefa ki\u1ebfn tr\u00fac c\u1ed5 \u0111i\u1ec3n v\u00e0 hi\u1ec7n \u0111\u1ea1i, trong s\u1ef1 k\u1ebft h\u1ee3p c\u00e1c b\u1ee9c tranh ngh\u1ec7 thu\u1eadt c\u1ee7a nh\u1eefng h\u1ecda s\u0129 n\u1ed5i ti\u1ebfng Vi\u1ec7t Nam v\u1edbi thi\u1ebft k\u1ebf \u1ea5n t\u01b0\u1ee3ng. T\u1ea5t c\u1ea3 h\u00f2a quy\u1ec7n th\u00e0nh m\u1ed9t b\u1ea3n nh\u1ea1c giao h\u01b0\u1edfng tuy\u1ec7t di\u1ec7u &#8211; mang \u0111\u1ebfn cho Qu\u00fd th\u01b0\u1ee3ng kh\u00e1ch nh\u1eefng tr\u1ea3i nghi\u1ec7m v\u00e0 c\u1ea3m x\u00fac nh\u1edb m\u00e3i kh\u00f4ng qu\u00ean khi \u0111\u1ebfn Terraza Cubana.<\/p>\t\t\t\t\t\t\t\t<\/div>\n\t\t\t\t<\/div>\n\t\t\t\t\t<\/div>\n\t\t<\/div>\n\t\t\t\t\t<\/div>\n\t\t<\/section>\n\t\t\t\t<\/div>","protected":false},"excerpt":{"rendered":"<p>La Casa Del Habano L\u1ea7n \u0111\u1ea7u ti\u00ean c\u00f3 m\u1eb7t t\u1ea1i Vi\u1ec7t Nam, La Casa del Habano s\u1edf h\u1eefu b\u1ed9 s\u01b0u t\u1eadp Cigar Cuba gi\u1edbi h\u1ea1n qu\u00fd hi\u1ebfm, quy t\u1ee5 nh\u1eefng th\u01b0\u01a1ng hi\u1ec7u danh gi\u00e1, \u0111\u01b0\u1ee3c b\u1ea3o qu\u1ea3n ho\u00e0n h\u1ea3o trong \u0111i\u1ec1u ki\u1ec7n nghi\u00eam ng\u1eb7t v\u00e0 tr\u01b0ng b\u00e0y t\u1ea1i m\u1ed9t Walk-in Cigar Humidor \u0111\u1eb3ng c\u1ea5p th\u1ebf gi\u1edbi. Nh\u1eefng ki\u1ec7t t\u00e1c huy\u1ec1n [&hellip;]<\/p>\n","protected":false},"author":3,"featured_media":0,"parent":0,"menu_order":0,"comment_status":"closed","ping_status":"closed","template":"","meta":{"footnotes":""},"class_list":["post-4603","page","type-page","status-publish","hentry"],"_links":{"self":[{"href":"https:\/\/lacasadelhabano.vn\/en\/wp-json\/wp\/v2\/pages\/4603","targetHints":{"allow":["GET"]}}],"collection":[{"href":"https:\/\/lacasadelhabano.vn\/en\/wp-json\/wp\/v2\/pages"}],"about":[{"href":"https:\/\/lacasadelhabano.vn\/en\/wp-json\/wp\/v2\/types\/page"}],"author":[{"embeddable":true,"href":"https:\/\/lacasadelhabano.vn\/en\/wp-json\/wp\/v2\/users\/3"}],"replies":[{"embeddable":true,"href":"https:\/\/lacasadelhabano.vn\/en\/wp-json\/wp\/v2\/comments?post=4603"}],"version-history":[{"count":0,"href":"https:\/\/lacasadelhabano.vn\/en\/wp-json\/wp\/v2\/pages\/4603\/revisions"}],"wp:attachment":[{"href":"https:\/\/lacasadelhabano.vn\/en\/wp-json\/wp\/v2\/media?parent=4603"}],"curies":[{"name":"wp","href":"https:\/\/api.w.org\/{rel}","templated":true}]}}